{"id":2647,"date":"2025-09-06T16:56:43","date_gmt":"2025-09-06T16:56:43","guid":{"rendered":"https:\/\/bkmarble.com.tr\/kurucumuz\/"},"modified":"2025-12-21T15:32:27","modified_gmt":"2025-12-21T15:32:27","slug":"kurucumuz","status":"publish","type":"page","link":"https:\/\/bkmarble.com.tr\/tr\/kurucumuz\/","title":{"rendered":"Kurucumuz"},"content":{"rendered":"<style>.elementor-2647 .elementor-element.elementor-element-44090e6a{--display:flex;--flex-direction:column;--container-widget-width:100%;--container-widget-height:initial;--container-widget-flex-grow:0;--container-widget-align-self:initial;--flex-wrap-mobile:wrap;--overlay-opacity:0.82;--margin-top:0px;--margin-bottom:0px;--margin-left:0px;--margin-right:0px;--padding-top:0px;--padding-bottom:0px;--padding-left:0px;--padding-right:0px;}.elementor-2647 .elementor-element.elementor-element-44090e6a::before, .elementor-2647 .elementor-element.elementor-element-44090e6a > .elementor-background-video-container::before, .elementor-2647 .elementor-element.elementor-element-44090e6a > .e-con-inner > .elementor-background-video-container::before, .elementor-2647 .elementor-element.elementor-element-44090e6a > .elementor-background-slideshow::before, .elementor-2647 .elementor-element.elementor-element-44090e6a > .e-con-inner > .elementor-background-slideshow::before, .elementor-2647 .elementor-element.elementor-element-44090e6a > .elementor-motion-effects-container > .elementor-motion-effects-layer::before{background-color:transparent;--background-overlay:'';background-image:linear-gradient(171deg, var( --e-global-color-primary ) 18%, var( --e-global-color-ab6594a ) 100%);}.elementor-2647 .elementor-element.elementor-element-534f0ffb{--display:flex;--align-items:center;--container-widget-width:calc( ( 1 - var( --container-widget-flex-grow ) ) * 100% );--overlay-opacity:0.8;--margin-top:0px;--margin-bottom:0px;--margin-left:0px;--margin-right:0px;--padding-top:150px;--padding-bottom:120px;--padding-left:0px;--padding-right:0px;}.elementor-2647 .elementor-element.elementor-element-534f0ffb::before, .elementor-2647 .elementor-element.elementor-element-534f0ffb > .elementor-background-video-container::before, .elementor-2647 .elementor-element.elementor-element-534f0ffb > .e-con-inner > .elementor-background-video-container::before, .elementor-2647 .elementor-element.elementor-element-534f0ffb > .elementor-background-slideshow::before, .elementor-2647 .elementor-element.elementor-element-534f0ffb > .e-con-inner > .elementor-background-slideshow::before, .elementor-2647 .elementor-element.elementor-element-534f0ffb > .elementor-motion-effects-container > .elementor-motion-effects-layer::before{background-color:var( --e-global-color-primary );--background-overlay:'';}.elementor-2647 .elementor-element.elementor-element-43640be8{text-align:center;}.elementor-2647 .elementor-element.elementor-element-43640be8 .elementor-heading-title{font-family:\"Bebas Neue\", Sans-serif;font-size:7em;font-weight:100;line-height:1em;}.elementor-2647 .elementor-element.elementor-element-1354a87d{--display:flex;--flex-direction:row;--container-widget-width:initial;--container-widget-height:100%;--container-widget-flex-grow:1;--container-widget-align-self:stretch;--flex-wrap-mobile:wrap;--margin-top:0px;--margin-bottom:0px;--margin-left:0px;--margin-right:0px;--padding-top:25px;--padding-bottom:25px;--padding-left:0px;--padding-right:0px;}.elementor-2647 .elementor-element.elementor-element-318c8604{--display:flex;--justify-content:space-between;--margin-top:0px;--margin-bottom:0px;--margin-left:0px;--margin-right:0px;--padding-top:0px;--padding-bottom:0px;--padding-left:0px;--padding-right:0px;}.elementor-2647 .elementor-element.elementor-element-43e48f5d .elementor-heading-title{font-family:var( --e-global-typography-3a87b4d-font-family ), Sans-serif;font-size:var( --e-global-typography-3a87b4d-font-size );font-weight:var( --e-global-typography-3a87b4d-font-weight );line-height:var( --e-global-typography-3a87b4d-line-height );color:var( --e-global-color-secondary );}.elementor-2647 .elementor-element.elementor-element-55cd7f6a{--display:flex;--justify-content:center;--gap:10px 10px;--row-gap:10px;--column-gap:10px;--margin-top:0px;--margin-bottom:0px;--margin-left:0px;--margin-right:0px;--padding-top:0px;--padding-bottom:0px;--padding-left:0px;--padding-right:0px;}.elementor-2647 .elementor-element.elementor-element-65fc33fb{width:var( --container-widget-width, 107.296% );max-width:107.296%;margin:0px 0px calc(var(--kit-widget-spacing, 0px) + 0px) 0px;padding:0px 0px 0px 0px;--container-widget-width:107.296%;--container-widget-flex-grow:0;text-align:start;}.elementor-2647 .elementor-element.elementor-element-65fc33fb.elementor-element{--flex-grow:0;--flex-shrink:0;}.elementor-2647 .elementor-element.elementor-element-65fc33fb .elementor-heading-title{font-family:\"Bebas Neue\", Sans-serif;font-size:3.1em;font-weight:100;line-height:1.2em;}.elementor-2647 .elementor-element.elementor-element-a66c0ec{width:initial;max-width:initial;padding:0px 0px 0px 0px;}@media(max-width:1024px){.elementor-2647 .elementor-element.elementor-element-534f0ffb{--padding-top:130px;--padding-bottom:120px;--padding-left:30px;--padding-right:30px;}.elementor-2647 .elementor-element.elementor-element-43640be8 .elementor-heading-title{font-size:5.5em;}.elementor-2647 .elementor-element.elementor-element-1354a87d{--padding-top:120px;--padding-bottom:60px;--padding-left:30px;--padding-right:30px;}.elementor-2647 .elementor-element.elementor-element-43e48f5d .elementor-heading-title{font-size:var( --e-global-typography-3a87b4d-font-size );line-height:var( --e-global-typography-3a87b4d-line-height );}.elementor-2647 .elementor-element.elementor-element-55cd7f6a{--gap:45px 45px;--row-gap:45px;--column-gap:45px;}.elementor-2647 .elementor-element.elementor-element-65fc33fb .elementor-heading-title{font-size:2.9em;}}@media(max-width:767px){.elementor-2647 .elementor-element.elementor-element-534f0ffb{--padding-top:090px;--padding-bottom:090px;--padding-left:20px;--padding-right:20px;}.elementor-2647 .elementor-element.elementor-element-43640be8 .elementor-heading-title{font-size:3em;}.elementor-2647 .elementor-element.elementor-element-1354a87d{--padding-top:120px;--padding-bottom:60px;--padding-left:20px;--padding-right:20px;}.elementor-2647 .elementor-element.elementor-element-43e48f5d{text-align:center;}.elementor-2647 .elementor-element.elementor-element-43e48f5d .elementor-heading-title{font-size:var( --e-global-typography-3a87b4d-font-size );line-height:var( --e-global-typography-3a87b4d-line-height );}.elementor-2647 .elementor-element.elementor-element-55cd7f6a{--gap:30px 30px;--row-gap:30px;--column-gap:30px;}.elementor-2647 .elementor-element.elementor-element-65fc33fb{width:var( --container-widget-width, 580px );max-width:580px;--container-widget-width:580px;--container-widget-flex-grow:0;text-align:center;}.elementor-2647 .elementor-element.elementor-element-65fc33fb .elementor-heading-title{font-size:2em;}.elementor-2647 .elementor-element.elementor-element-a66c0ec{width:100%;max-width:100%;text-align:center;}}@media(min-width:768px){.elementor-2647 .elementor-element.elementor-element-318c8604{--width:76%;}}@media(max-width:1024px) and (min-width:768px){.elementor-2647 .elementor-element.elementor-element-318c8604{--width:55%;}}<\/style>\t\t<div data-elementor-type=\"wp-page\" data-elementor-id=\"2647\" class=\"elementor elementor-2647 elementor-585\" data-elementor-post-type=\"page\">\n\t\t\t\t<div class=\"elementor-element elementor-element-44090e6a e-con-full e-flex e-con e-parent\" data-id=\"44090e6a\" data-element_type=\"container\" data-settings=\"{&quot;background_background&quot;:&quot;video&quot;,&quot;background_video_link&quot;:&quot;https:\\\/\\\/bkmarble.com.tr\\\/wp-content\\\/uploads\\\/2025\\\/11\\\/WhatsApp-Video-2025-11-20-at-14-online-video-cutter.com_.mp4&quot;,&quot;background_play_on_mobile&quot;:&quot;yes&quot;}\">\n\t\t<div class=\"elementor-background-video-container\" aria-hidden=\"true\">\n\t\t\t\t\t\t\t<video class=\"elementor-background-video-hosted\" autoplay muted playsinline loop><\/video>\n\t\t\t\t\t<\/div><div class=\"elementor-element elementor-element-534f0ffb e-flex e-con-boxed e-con e-child\" data-id=\"534f0ffb\" data-element_type=\"container\" data-settings=\"{&quot;background_background&quot;:&quot;classic&quot;}\">\n\t\t\t\t\t<div class=\"e-con-inner\">\n\t\t\t\t<div class=\"elementor-element elementor-element-43640be8 elementor-widget elementor-widget-heading\" data-id=\"43640be8\" data-element_type=\"widget\" data-widget_type=\"heading.default\">\n\t\t\t\t\t<h1 class=\"elementor-heading-title elementor-size-default\">Kurucumuz<\/h1>\t\t\t\t<\/div>\n\t\t\t\t\t<\/div>\n\t\t\t\t<\/div>\n\t\t\t\t<\/div>\n\t\t<div class=\"elementor-element elementor-element-1354a87d e-flex e-con-boxed e-con e-parent\" data-id=\"1354a87d\" data-element_type=\"container\">\n\t\t\t\t\t<div class=\"e-con-inner\">\n\t\t<div class=\"elementor-element elementor-element-318c8604 e-con-full e-flex e-con e-child\" data-id=\"318c8604\" data-element_type=\"container\" data-settings=\"{&quot;background_background&quot;:&quot;classic&quot;}\">\n\t\t\t\t<div class=\"elementor-element elementor-element-8458ac1 elementor-widget elementor-widget-image\" data-id=\"8458ac1\" data-element_type=\"widget\" data-widget_type=\"image.default\">\n\t\t\t\t\t\t\t\t\t\t\t\t\t\t\t<img decoding=\"async\" src=\"https:\/\/bkmarble.com.tr\/wp-content\/uploads\/elementor\/thumbs\/Berkan-Kalkan-1-rg6wrrgg4d1kn4g772u2wlxc18o4vk7k61o8yc0cao.jpeg\" title=\"Berkan-Kalkan\" alt=\"Berkan Kalkan\" loading=\"lazy\" \/>\t\t\t\t\t\t\t\t\t\t\t\t\t\t\t<\/div>\n\t\t\t\t<\/div>\n\t\t<div class=\"elementor-element elementor-element-55cd7f6a e-con-full e-flex e-con e-child\" data-id=\"55cd7f6a\" data-element_type=\"container\">\n\t\t\t\t<div class=\"elementor-element elementor-element-65fc33fb elementor-widget__width-initial elementor-widget-mobile__width-initial elementor-widget elementor-widget-heading\" data-id=\"65fc33fb\" data-element_type=\"widget\" data-widget_type=\"heading.default\">\n\t\t\t\t\t<h2 class=\"elementor-heading-title elementor-size-default\">Kurucumuz<\/h2>\t\t\t\t<\/div>\n\t\t\t\t<div class=\"elementor-element elementor-element-a66c0ec elementor-widget__width-initial elementor-widget-mobile__width-inherit elementor-widget elementor-widget-text-editor\" data-id=\"a66c0ec\" data-element_type=\"widget\" data-widget_type=\"text-editor.default\">\n\t\t\t\t\t\t\t\t\t<p>14 Nisan 1990 tarihinde \u0130stanbul&#8217;da do\u011fan Berkan Kalkan, Mustafa Saffet Anadolu Lisesi&#8217;nde e\u011fitimini tamamlad\u0131ktan sonra \u0130stanbul \u00dcniversitesi M\u00fchendislik Fak\u00fcltesi Maden M\u00fchendisli\u011fi B\u00f6l\u00fcm\u00fc&#8217;n\u00fc bitirdi. Bir s\u00fcre mermer ocaklar\u0131nda maden m\u00fchendisi olarak \u00e7al\u0131\u015ft\u0131ktan sonra, \u00e7e\u015fitli \u015firketlerde mermer denet\u00e7isi ve uluslararas\u0131 sat\u0131\u015f uzman\u0131 olarak g\u00f6rev yapt\u0131. <\/p><p>2023 y\u0131l\u0131nda kurdu\u011fu BK MARBLE arac\u0131l\u0131\u011f\u0131yla madencilik sekt\u00f6r\u00fcnde edindi\u011fi deneyimlerini de\u011ferli m\u00fc\u015fterileriyle payla\u015fmaya devam ediyor. \u00d6zellikle blok ve kesilmi\u015f mermer tedarikinde uluslararas\u0131 alanda tan\u0131n\u0131r hale gelmi\u015ftir. \u0130\u015f hayat\u0131nda d\u00fcr\u00fcstl\u00fck ve kaliteyi temel ilkeler olarak benimseyen Berkan Kalkan, T\u00fcrk mermerini daha geni\u015f bir uluslararas\u0131 platformda tan\u0131tmaktan b\u00fcy\u00fck gurur duymaktad\u0131r.<\/p>\t\t\t\t\t\t\t\t<\/div>\n\t\t\t\t<\/div>\n\t\t\t\t\t<\/div>\n\t\t\t\t<\/div>\n\t\t\t\t<\/div>\n\t\t","protected":false},"excerpt":{"rendered":"<p>Kurucumuz Kurucumuz 14 Nisan 1990 tarihinde \u0130stanbul&#8217;da do\u011fan Berkan Kalkan, Mustafa Saffet Anadolu Lisesi&#8217;nde e\u011fitimini tamamlad\u0131ktan sonra \u0130stanbul \u00dcniversitesi M\u00fchendislik Fak\u00fcltesi Maden M\u00fchendisli\u011fi B\u00f6l\u00fcm\u00fc&#8217;n\u00fc bitirdi. Bir s\u00fcre mermer ocaklar\u0131nda maden m\u00fchendisi olarak \u00e7al\u0131\u015ft\u0131ktan sonra, \u00e7e\u015fitli \u015firketlerde mermer denet\u00e7isi ve uluslararas\u0131 sat\u0131\u015f uzman\u0131 olarak g\u00f6rev yapt\u0131. 2023 y\u0131l\u0131nda kurdu\u011fu BK MARBLE arac\u0131l\u0131\u011f\u0131yla madencilik sekt\u00f6r\u00fcnde edindi\u011fi deneyimlerini [&hellip;]<\/p>\n","protected":false},"author":1,"featured_media":0,"parent":0,"menu_order":0,"comment_status":"closed","ping_status":"closed","template":"elementor_header_footer","meta":{"iawp_total_views":8,"footnotes":""},"class_list":["post-2647","page","type-page","status-publish","hentry"],"_links":{"self":[{"href":"https:\/\/bkmarble.com.tr\/tr\/wp-json\/wp\/v2\/pages\/2647","targetHints":{"allow":["GET"]}}],"collection":[{"href":"https:\/\/bkmarble.com.tr\/tr\/wp-json\/wp\/v2\/pages"}],"about":[{"href":"https:\/\/bkmarble.com.tr\/tr\/wp-json\/wp\/v2\/types\/page"}],"author":[{"embeddable":true,"href":"https:\/\/bkmarble.com.tr\/tr\/wp-json\/wp\/v2\/users\/1"}],"replies":[{"embeddable":true,"href":"https:\/\/bkmarble.com.tr\/tr\/wp-json\/wp\/v2\/comments?post=2647"}],"version-history":[{"count":1,"href":"https:\/\/bkmarble.com.tr\/tr\/wp-json\/wp\/v2\/pages\/2647\/revisions"}],"predecessor-version":[{"id":2648,"href":"https:\/\/bkmarble.com.tr\/tr\/wp-json\/wp\/v2\/pages\/2647\/revisions\/2648"}],"wp:attachment":[{"href":"https:\/\/bkmarble.com.tr\/tr\/wp-json\/wp\/v2\/media?parent=2647"}],"curies":[{"name":"wp","href":"https:\/\/api.w.org\/{rel}","templated":true}]}}